{"id":3,"date":"2024-03-01T11:40:02","date_gmt":"2024-03-01T10:40:02","guid":{"rendered":"https:\/\/vina-tomica.com\/?page_id=3"},"modified":"2025-11-11T14:56:08","modified_gmt":"2025-11-11T13:56:08","slug":"pravila-privatnosti","status":"publish","type":"page","link":"https:\/\/vina-tomica.com\/de\/pravila-privatnosti\/","title":{"rendered":"Datenschutzrichtlinie"},"content":{"rendered":"<div data-elementor-type=\"wp-page\" data-elementor-id=\"3\" class=\"elementor elementor-3\" data-elementor-post-type=\"page\">\n\t\t\t\t<div class=\"elementor-element elementor-element-0fcfbf7 e-flex e-con-boxed e-con e-parent\" data-id=\"0fcfbf7\" data-element_type=\"container\" data-core-v316-plus=\"true\">\n\t\t\t\t\t<div class=\"e-con-inner\">\n\t\t\t\t<div class=\"elementor-element elementor-element-fefa80e elementor-widget__width-inherit animated-slow elementor-invisible elementor-widget elementor-widget-heading\" data-id=\"fefa80e\" data-element_type=\"widget\" data-settings=\"{&quot;_animation&quot;:&quot;slideInLeft&quot;}\" data-widget_type=\"heading.default\">\n\t\t\t\t<div class=\"elementor-widget-container\">\n\t\t\t<style>\/*! elementor - v3.20.0 - 13-03-2024 *\/\n.elementor-heading-title{padding:0;margin:0;line-height:1}.elementor-widget-heading .elementor-heading-title[class*=elementor-size-]>a{color:inherit;font-size:inherit;line-height:inherit}.elementor-widget-heading .elementor-heading-title.elementor-size-small{font-size:15px}.elementor-widget-heading .elementor-heading-title.elementor-size-medium{font-size:19px}.elementor-widget-heading .elementor-heading-title.elementor-size-large{font-size:29px}.elementor-widget-heading .elementor-heading-title.elementor-size-xl{font-size:39px}.elementor-widget-heading .elementor-heading-title.elementor-size-xxl{font-size:59px}<\/style><h2 class=\"elementor-heading-title elementor-size-default\">Datenschutzrichtlinie<\/h2>\t\t<\/div>\n\t\t\t\t<\/div>\n\t\t\t\t<div class=\"elementor-element elementor-element-4598191 elementor-widget-mobile__width-inherit elementor-widget elementor-widget-text-editor\" data-id=\"4598191\" data-element_type=\"widget\" data-widget_type=\"text-editor.default\">\n\t\t\t\t<div class=\"elementor-widget-container\">\n\t\t\t<style>\/*! elementor - v3.20.0 - 13-03-2024 *\/\n.elementor-widget-text-editor.elementor-drop-cap-view-stacked .elementor-drop-cap{background-color:#69727d;color:#fff}.elementor-widget-text-editor.elementor-drop-cap-view-framed .elementor-drop-cap{color:#69727d;border:3px solid;background-color:transparent}.elementor-widget-text-editor:not(.elementor-drop-cap-view-default) .elementor-drop-cap{margin-top:8px}.elementor-widget-text-editor:not(.elementor-drop-cap-view-default) .elementor-drop-cap-letter{width:1em;height:1em}.elementor-widget-text-editor .elementor-drop-cap{float:left;text-align:center;line-height:1;font-size:50px}.elementor-widget-text-editor .elementor-drop-cap-letter{display:inline-block}<\/style>\t\t\t\t<p>Wir nehmen den Schutz Ihrer personenbezogenen Daten sehr ernst und bem\u00fchen uns daher stets, die Nutzung unserer Dienstleistungen so sicher wie m\u00f6glich zu gestalten.\nWir sind verpflichtet, das Gesetz zum Schutz personenbezogener Daten einzuhalten.\nDiese Datenschutzerkl\u00e4rung erl\u00e4utert, welche Daten wir von Ihnen erheben, zu welchem Zweck wir sie verwenden und wie wir sie sch\u00fctzen.<\/p><p><strong>Inhalt<\/strong><\/p><ul><li>Anwendungsbereich<\/li><li>Welche Daten erhoben und weitergegeben werden<\/li><li>Tracking durch Dritte im Internet<\/li><li>Conversion-Messung mittels Facebook-Pixel zur Nachverfolgung der Besucheraktivit\u00e4ten<\/li><li>Weitergabe (Sharing)<\/li><li>Verwendung der Daten<\/li><li>Datensicherheit und Weitergabe<\/li><li>Widerrufsrecht, Auskunft, Daten\u00e4nderung und Kontakt<\/li><\/ul><p>\u00a0<\/p><p><strong>Anwendungsbereich<\/strong><\/p><p>Diese Erkl\u00e4rung gilt f\u00fcr die Nutzung der Dienstleistungen und Materialien von OPG TOMICA durch die Kunden von OPG TOMICA sowie f\u00fcr die Besch\u00e4ftigung bei OPG TOMICA.<\/p><p>Bitte beachten Sie, dass im Rahmen der Optimierung unserer Aktivit\u00e4ten zur Verbesserung unserer Dienstleistungen m\u00f6glicherweise Aktualisierungen dieser Datenschutzerkl\u00e4rung erforderlich werden. In einem solchen Fall werden wir Sie entsprechend informieren.<\/p><p><strong>Welche Daten erhoben und weitergegeben werden<\/strong><\/p><p>Die von uns verarbeiteten personenbezogenen Daten betreffen Sie als Kunden und werden beim Bestellen oder beim Besuch von OPG TOMICA bzw. beim Ausf\u00fcllen des Kunden-Einverst\u00e4ndnisformulars erhoben; sie betreffen Sie als Mitarbeiter von OPG TOMICA gem\u00e4\u00df dem Arbeitsgesetz und anderen geltenden Vorschriften; sie werden im Rahmen Ihrer Zahlungen per Bank\u00fcberweisung oder bei der Begr\u00fcndung und Durchf\u00fchrung von Vertragsverh\u00e4ltnissen zwischen Ihnen und OPG TOMICA erhoben, die direkt oder indirekt mit Ihnen in Verbindung gebracht werden k\u00f6nnen.\n\nZu diesen Daten geh\u00f6ren folgende Angaben: vollst\u00e4ndiger Name, Telefonnummer(n), Wohnadresse, E-Mail-Adresse, Geburtsdatum, pers\u00f6nliche Identifikationsnummer (OIB) und Bankdaten im Falle von Zahlungen per Bank\u00fcberweisung.<\/p><p><strong>Tracking durch Dritte im Internet<\/strong><\/p><p>Sie k\u00f6nnen unsere Website ohne Registrierung und\/oder Anmeldung nutzen, wobei dabei die folgenden Tools verwendet werden k\u00f6nnen:<\/p><p><strong>Internet-Cookies<\/strong><\/p><p>Um Ihr Surferlebnis auf dieser Website zu verbessern, m\u00fcssen wir eine kleine Menge an Informationen (Cookies) auf Ihrem Computer speichern. Mehr als 90 % aller Websites verwenden diese Praxis; gem\u00e4\u00df den Vorschriften der Europ\u00e4ischen Union vom 25. M\u00e4rz 2011 sind wir jedoch verpflichtet, vor der Speicherung von Cookies Ihre Zustimmung einzuholen. Durch die Nutzung unserer Website stimmen Sie der Verwendung von Cookies zu. Wenn Sie Cookies blockieren, k\u00f6nnen Sie die Seite weiterhin nutzen, allerdings stehen Ihnen einige Funktionen m\u00f6glicherweise nicht zur Verf\u00fcgung.<\/p><p>Was ist ein Cookie?\nEin Cookie ist eine Information, die von der von Ihnen besuchten Website auf Ihrem Computer gespeichert wird. Cookies speichern in der Regel Ihre Einstellungen, wie z. B. Website-Pr\u00e4ferenzen oder Ihre bevorzugte Sprache. Sp\u00e4ter, wenn Sie dieselbe Website erneut besuchen, sendet Ihr Webbrowser die Cookies zur\u00fcck an diese Website. Dies erm\u00f6glicht der Seite, Informationen an Ihre Bed\u00fcrfnisse angepasst anzuzeigen.<\/p><p>Die standardm\u00e4\u00dfigen Aktionen zum Speichern und Senden von Cookies sind f\u00fcr Sie nicht sichtbar. Sie k\u00f6nnen jedoch die Einstellungen Ihres Webbrowsers \u00e4ndern, um selbst zu entscheiden, ob Sie Anfragen zum Speichern von Cookies zulassen oder ablehnen, gespeicherte Cookies beim Schlie\u00dfen des Browsers automatisch l\u00f6schen und \u00e4hnliche Optionen verwenden m\u00f6chten.<\/p><p><strong>Google AdWords<\/strong><\/p><p>Dieses Tool kann verwendet werden, um Besuche auf der Website f\u00fcr Werbezwecke (Remarketing) auf Google und im Display-Netzwerk zu speichern. Ihr Browser speichert Cookies bei Ihrem Besuch der Website, die es erm\u00f6glichen, Sie als Besucher zu erkennen, wenn Sie Websites laden, die zum Google-Netzwerk geh\u00f6ren. Auf diesen Websites werden Ihnen als Besucher Anzeigen zu Inhalten angezeigt, die Sie zuvor auf anderen Websites gesehen haben, die die Remarketing-Optionen von Google nutzen. Sie k\u00f6nnen die Datenerhebung \u00fcber Google AdWords auf der Website http:\/\/www.google.com\/settings\/ads\n ablehnen.<\/p><p><strong>Google AdWords Conversion-Tracking<\/strong><\/p><p>Auf diese Weise k\u00f6nnen Conversion-Statistiken erstellt werden, die die Wirksamkeit unserer Online-Werbekampagnen messen. Das Conversion-Tracking-Cookie wird gesetzt, wenn ein Nutzer auf eine von Google geschaltete Anzeige klickt. Laut den Datenschutzbestimmungen von Google werden dabei keine personenbezogenen Daten verarbeitet. Wenn Sie nicht am Tracking teilnehmen m\u00f6chten, k\u00f6nnen Sie die Nutzung der Daten zu diesem Zweck deaktivieren, indem Sie das Conversion-Tracking-Cookie von Google \u00fcber die Cookie-Einstellungen Ihres Webbrowsers deaktivieren.<\/p><p>Bitte beachten Sie, dass aktuelle Webbrowser \u201eCookies\u201c gem\u00e4\u00df den Standardvorgaben akzeptieren. Sie k\u00f6nnen Ihre Browsereinstellungen so anpassen, dass nicht alle oder nur bestimmte Cookies zugelassen werden, oder dass Sie zur Genehmigung eines neuen Cookies aufgefordert werden. Anleitungen zum Umgang mit Cookies finden Sie in den meisten Browsern \u00fcber die Option \u201eHilfe\u201c im Men\u00fc. Diese Anleitungen enthalten auch Informationen zum L\u00f6schen bereits akzeptierter Cookies.<\/p><p><strong>Conversion-Messung mittels Facebook-Pixel zur Nachverfolgung der Besucheraktivit\u00e4ten<\/strong><\/p><p>Im Rahmen unseres Internetauftritts wird der Facebook Pixel zur Nachverfolgung der Besucheraktivit\u00e4ten von Facebook Inc., 1601 S. California Ave, Palo Alto, CA 94304, USA (\u201eFacebook\u201c) verwendet. Dabei handelt es sich um ein \u201eCookie\u201c, d. h. eine kleine Textdatei, die auf Ihrem Computer gespeichert und von diesem gelesen werden kann. Damit k\u00f6nnen Aktivit\u00e4ten von Nutzern verfolgt werden, nachdem sie eine Anzeige auf Facebook gesehen oder angeklickt haben. Auf diese Weise kann die Effektivit\u00e4t von Facebook-Anzeigen zu statistischen Auswertungs- und Marktforschungszwecken gemessen werden.\n\nDie auf diese Weise gesammelten Daten sind f\u00fcr uns anonym, d. h. sie k\u00f6nnen nicht mit der Identit\u00e4t des Nutzers verkn\u00fcpft werden. Diese Daten werden jedoch von Facebook gespeichert und verarbeitet, sodass sie mit dem jeweiligen Nutzerprofil verkn\u00fcpft werden k\u00f6nnen, und Facebook kann sie f\u00fcr eigene Werbezwecke gem\u00e4\u00df der Facebook-Datenschutzerkl\u00e4rung (\u201ehttp:\/\/www.facebook.com\/about\/privacy\/\u201c\n) verwenden.\n\nSie k\u00f6nnen Facebook und seinen Partnern erlauben, Werbung auf Facebook und au\u00dferhalb von Facebook zu schalten. Zu diesem Zweck wird ein Cookie auf Ihrem Computer gespeichert. Weitere Informationen finden Sie in der Datenschutzerkl\u00e4rung des jeweiligen sozialen Netzwerks.<\/p><p><strong>Weitergabe (Sharing)<\/strong><\/p><p>Unsere Website enth\u00e4lt Social-Media-Sharing-Buttons f\u00fcr Facebook, 1601 South California Avenue, Palo Alto, CA 94304, USA, sowie Instagram, San Francisco, California, USA. Zus\u00e4tzlich kann auch ein Button f\u00fcr das Teilen per E-Mail integriert sein. Die Sharing-Buttons sind an ihren jeweiligen Logos erkennbar.<\/p><p>Erst wenn Sie auf den jeweiligen \u201eSharing-Button\u201c auf unserer Website klicken (und nur dann), wird eine direkte Verbindung zwischen Ihrem Browser und dem Server des jeweiligen Betreibers des sozialen Netzwerks hergestellt. Laut den Betreibern der genannten sozialen Netzwerke werden ohne Klick auf den jeweiligen Sharing-Button keine personenbezogenen Daten von den sozialen Netzwerken erhoben.\n\nNur bei Nutzern, die bei den jeweiligen sozialen Netzwerken angemeldet sind, werden solche Daten, einschlie\u00dflich Ihrer IP-Adresse, erfasst und verarbeitet. Wenn Sie nicht m\u00f6chten, dass Ihr Besuch auf unserer Website mit Ihrem Benutzerkonto in den sozialen Netzwerken verkn\u00fcpft wird, loggen Sie sich bitte aus Ihrem Konto auf dem jeweiligen sozialen Netzwerk aus.<\/p><p>Wir weisen darauf hin, dass OPG TOMICA keinen Einblick in die Inhalte der \u00fcbermittelten Daten hat und auch deren Nutzung durch die sozialen Netzwerke nicht einsehen kann. Weitere Informationen zur Nutzung der Daten durch die sozialen Netzwerke finden Sie in der Datenschutzerkl\u00e4rung des jeweiligen sozialen Netzwerks.<\/p><p><strong>Verwendung der Daten<\/strong><\/p><p>Wir verwenden Ihre personenbezogenen Daten vollst\u00e4ndig in \u00dcbereinstimmung mit den gesetzlichen Bestimmungen.<\/p><p>Die personenbezogenen Daten, die Sie uns beim Bestellen und beim Besuch von OPG TOMICA, beim Ausf\u00fcllen des Kunden-Einverst\u00e4ndnisformulars, bei Ihren Zahlungen per Bank\u00fcberweisung oder bei der Begr\u00fcndung und Durchf\u00fchrung von Vertragsverh\u00e4ltnissen zwischen Ihnen und OPG TOMICA zur Verf\u00fcgung stellen, werden ausschlie\u00dflich im Rahmen der Erf\u00fcllung unserer gesetzlichen Verpflichtungen (z.\u202fB. Daten \u00fcber Mitarbeiter, die OPG TOMICA gem\u00e4\u00df dem Arbeitsgesetz erheben muss) oder vertraglicher Verpflichtungen gegen\u00fcber Ihnen auf Grundlage Ihrer Einwilligung erhoben und verarbeitet.<\/p><p>Nachdem Sie uns Ihre ausdr\u00fcckliche Zustimmung erteilt haben, werden wir Ihre Daten verwenden, um Ihnen Materialien zu den jeweiligen Dienstleistungen zuzusenden, f\u00fcr die gegenseitige Kommunikation, einschlie\u00dflich Geburtstagsgr\u00fc\u00dfen, und damit verbundene Aktionen und Aktivit\u00e4ten, sowie um Sie \u00fcber die Serviceangebote, Rabattaktionen, Neuheiten, Workshops, Schulungen, Promotionen von OPG TOMICA zu informieren und zu Werbezwecken f\u00fcr OPG TOMICA einzusetzen.<\/p><p><strong>Datensicherheit und Weitergabe<\/strong><\/p><p>Zum Schutz Ihrer Daten verwenden wir Passw\u00f6rter, Web-Firewalls, Antivirenprogramme und andere Sicherheitsma\u00dfnahmen entsprechend dem aktuellen Stand der Technik. Bei der Kommunikation per E-Mail kann die Sicherheit der Daten w\u00e4hrend der \u00dcbertragung nur nach dem aktuellen Stand der Technik gew\u00e4hrleistet werden.<\/p><p>Die im Kunden-Einverst\u00e4ndnisformular angegebenen Daten werden sowohl im Original als auch elektronisch gespeichert. Die Originale dieser Formulare werden in einem abschlie\u00dfbaren Schrank aufbewahrt, w\u00e4hrend der Zugriff auf die Liste der OPG TOMICA-Kunden und die elektronisch gespeicherten Kundendaten passwortgesch\u00fctzt ist. Die Aufbewahrungsfrist f\u00fcr diese Daten betr\u00e4gt zwei Jahre ab dem Datum der letzten Interaktion des Kunden mit OPG TOMICA.<\/p><p>Die Originale der Kunden-Einverst\u00e4ndnisformulare werden zwei Jahre nach dem Datum der letzten Interaktion des Kunden mit OPG TOMICA mechanisch vernichtet.<\/p><p>Der Zugriff auf die Liste der Kundendaten und die Kunden-Einverst\u00e4ndnisformulare ist dem Direktor von OPG TOMICA als verantwortlicher Person sowie den Mitarbeitern von OPG TOMICA gestattet, da ein solcher Zugriff f\u00fcr die Erf\u00fcllung der Verpflichtungen und Dienstleistungen von OPG TOMICA gegen\u00fcber den jeweiligen Kunden erforderlich ist. Dieser Zugriff ist gem\u00e4\u00df den geltenden gesetzlichen Bestimmungen geregelt.\n\nJeder Kunde hat das Recht, die \u00fcber ihn in der OPG TOMICA-Kundenliste gespeicherten und verarbeiteten personenbezogenen Daten einzusehen (zum Beispiel in der Liste der Dienstleistungsnutzer).<\/p><p>Die vom Kunden zum Zweck der Bankzahlungen angegebenen personenbezogenen Daten werden elektronisch erfasst und auf einem Computer gespeichert, wobei der Zugriff durch ein Passwort gesch\u00fctzt ist. Auf diese Daten hat der Direktor von OPG TOMICA Zugriff. Die Aufbewahrungsfrist f\u00fcr diese Daten richtet sich nach den geltenden Vorschriften, insbesondere den buchhalterischen Bestimmungen.<\/p><p>Personenbezogene Daten, die erhoben werden, werden nur so lange aufbewahrt, wie es zur Erf\u00fcllung des Zwecks der Datenerhebung und -verarbeitung erforderlich ist. Kundendaten, die im Kunden-Einverst\u00e4ndnisformular angegeben werden und zum Zweck der Zusendung von Mitteilungen \u00fcber die Dienstleistungen und Werbung von OPG TOMICA erhoben werden, werden bis zum Widerruf der Einwilligung durch den Kunden oder sp\u00e4testens bis zwei Jahre nach der letzten Interaktion des Kunden mit OPG TOMICA aufbewahrt.<\/p><p>Verantwortliche Personen und Mitarbeiter von OPG TOMICA, die das Recht und die Befugnis zum Zugriff auf von OPG TOMICA erhobene personenbezogene Daten haben, sind verpflichtet, durch Unterzeichnung der Vertraulichkeitserkl\u00e4rung die Vertraulichkeit der personenbezogenen Daten dauerhaft zu wahren und in \u00dcbereinstimmung mit den geltenden gesetzlichen Bestimmungen sowie den internen Regeln von OPG TOMICA zu handeln.<\/p><p>Ihre personenbezogenen Daten k\u00f6nnen an bestimmte Vertragspartner von OPG TOMICA weitergegeben oder \u00fcbermittelt werden, sofern OPG TOMICA deren Einbindung beschlie\u00dft.<\/p><p>Wir k\u00f6nnen bestimmte Partner einsetzen, um unsere Verpflichtungen zu erf\u00fcllen (z.\u202fB. Buchhaltungsdienstleistungen) und Dienstleistungen bereitzustellen, mit Mitgliedern zu kommunizieren, unsere Online-Pr\u00e4senz und den Zugang zu verwalten oder einen der in dieser Erkl\u00e4rung genannten Zwecke zu erf\u00fcllen. Ihre personenbezogenen Daten werden nur dann an einen Vertragspartner von OPG TOMICA \u00fcbermittelt, wenn sie f\u00fcr die Erbringung einer bestimmten mit Ihnen verbundenen Dienstleistung erforderlich sind.\n\nDiese Vertragspartner werden sorgf\u00e4ltig ausgew\u00e4hlt, um eine rechtm\u00e4\u00dfige und sichere Datenverarbeitung zu gew\u00e4hrleisten. Dar\u00fcber hinaus sind diese Partner verpflichtet, Ihre personenbezogenen Daten ausschlie\u00dflich f\u00fcr die festgelegten Zwecke gem\u00e4\u00df unseren Anweisungen und in \u00dcbereinstimmung mit den kroatischen Datenschutzvorschriften zu verwenden. Die Nutzung der Daten durch Vertragspartner f\u00fcr andere Zwecke ist ausgeschlossen.<\/p><p>Wir werden Ihre personenbezogenen Daten nicht an andere Personen weitergeben, au\u00dfer an die zuvor genannten Vertragspartner, es sei denn, Sie haben Ihre Zustimmung dazu erteilt.<\/p><p>Angesichts der Art, des Umfangs und des Zwecks der Erhebung, Nutzung und Verarbeitung personenbezogener Daten durch OPG TOMICA, einschlie\u00dflich der Tatsache, dass die Erhebung, Nutzung und Verarbeitung nicht umfangreich ist und keine besonderen Kategorien personenbezogener Daten erhoben werden, unterliegt OPG TOMICA und seine Dienstleistungen nicht der gesetzlichen Verpflichtung zur Benennung eines Datenschutzbeauftragten. Daher hat OPG TOMICA keinen benannten Datenschutzbeauftragten.<\/p><p><strong>Widerrufsrecht, Auskunft, Daten\u00e4nderung und Kontakt<\/strong><\/p><p>Durch die Unterzeichnung des Kunden-Einverst\u00e4ndnisformulars oder durch die Nutzung unserer Website stimmen Sie der Verwendung Ihrer personenbezogenen Daten in der im Kunden-Einverst\u00e4ndnisformular und in dieser Datenschutzerkl\u00e4rung beschriebenen Weise zu.<\/p><p>Gem\u00e4\u00df der geltenden Datenschutzgesetzgebung und den Rechten, die Ihnen als Inhaber personenbezogener Daten zustehen, \u00fcber die OPG TOMICA Sie informiert hat, haben Sie zudem das Recht auf Zugriff, Berichtigung, L\u00f6schung oder Einschr\u00e4nkung der Verarbeitung Ihrer personenbezogenen Daten; das Recht, Ihre Einwilligung zur Nutzung Ihrer personenbezogenen Daten jederzeit f\u00fcr die Zukunft ohne Angabe von Gr\u00fcnden zu widerrufen; sowie das Recht, Beschwerde bei der Aufsichtsbeh\u00f6rde einzureichen.\n\nDer Widerruf der Einwilligung erfolgt schriftlich (Brief oder E-Mail) an die folgende \u00f6ffentlich zug\u00e4ngliche Anschrift des Sitzes: OPG TOMICA, Nazorova 4, 48350 \u0110ur\u0111evac, Kroatien, bzw. opgtomica.info@gmail.com\n. Ein solcher Widerruf verhindert die zuk\u00fcnftige Nutzung Ihrer personenbezogenen Daten durch OPG TOMICA.<\/p><p>Bitte wenden Sie sich an eine der unten angegebenen Adressen, wenn Sie Fragen zur Nutzung Ihrer Daten haben oder um Ihre Daten zu aktualisieren bzw. zu berichtigen.<\/p>\t\t\t\t\t\t<\/div>\n\t\t\t\t<\/div>\n\t\t\t\t\t<\/div>\n\t\t\t\t<\/div>\n\t\t\t\t<\/div>","protected":false},"excerpt":{"rendered":"<p>Pravila privatnosti Za\u0161titu Va\u0161ih osobnih podataka shva\u0107amo vrlo ozbiljno i stoga uvijek nastojimo kori\u0161tenje na\u0161ih usluga u\u010diniti sigurnim. Obvezni smo po\u0161tivati Zakon o za\u0161titi osobnih podatka. Ova izjava o za\u0161titi podataka slu\u017ei za poja\u0161njenje o tome koje podatke od Vas prikupljamo, u koju svrhu ih koristimo te kako ih \u0161titimo. Sadr\u017eaj Podru\u010dje primjene Koji se [&hellip;]<\/p>","protected":false},"author":1,"featured_media":0,"parent":0,"menu_order":0,"comment_status":"closed","ping_status":"open","template":"","meta":{"_acf_changed":false,"footnotes":""},"class_list":["post-3","page","type-page","status-publish","hentry"],"acf":[],"_links":{"self":[{"href":"https:\/\/vina-tomica.com\/de\/wp-json\/wp\/v2\/pages\/3","targetHints":{"allow":["GET"]}}],"collection":[{"href":"https:\/\/vina-tomica.com\/de\/wp-json\/wp\/v2\/pages"}],"about":[{"href":"https:\/\/vina-tomica.com\/de\/wp-json\/wp\/v2\/types\/page"}],"author":[{"embeddable":true,"href":"https:\/\/vina-tomica.com\/de\/wp-json\/wp\/v2\/users\/1"}],"replies":[{"embeddable":true,"href":"https:\/\/vina-tomica.com\/de\/wp-json\/wp\/v2\/comments?post=3"}],"version-history":[{"count":13,"href":"https:\/\/vina-tomica.com\/de\/wp-json\/wp\/v2\/pages\/3\/revisions"}],"predecessor-version":[{"id":1198,"href":"https:\/\/vina-tomica.com\/de\/wp-json\/wp\/v2\/pages\/3\/revisions\/1198"}],"wp:attachment":[{"href":"https:\/\/vina-tomica.com\/de\/wp-json\/wp\/v2\/media?parent=3"}],"curies":[{"name":"wp","href":"https:\/\/api.w.org\/{rel}","templated":true}]}}