{"id":941,"date":"2024-04-18T13:30:43","date_gmt":"2024-04-18T11:30:43","guid":{"rendered":"https:\/\/vina-tomica.com\/?page_id=941"},"modified":"2025-11-13T15:36:12","modified_gmt":"2025-11-13T14:36:12","slug":"gdje-kupiti","status":"publish","type":"page","link":"https:\/\/vina-tomica.com\/de\/gdje-kupiti\/","title":{"rendered":"Wo kaufen"},"content":{"rendered":"<div data-elementor-type=\"wp-page\" data-elementor-id=\"941\" class=\"elementor elementor-941\" data-elementor-post-type=\"page\">\n\t\t\t\t<div class=\"elementor-element elementor-element-8b46943 e-con-full e-flex e-con e-parent\" data-id=\"8b46943\" data-element_type=\"container\" data-settings=\"{&quot;background_background&quot;:&quot;classic&quot;}\" data-core-v316-plus=\"true\">\n\t\t<div class=\"elementor-element elementor-element-83efcb6 e-con-full e-flex e-con e-child\" data-id=\"83efcb6\" data-element_type=\"container\">\n\t\t\t\t<div class=\"elementor-element elementor-element-208a912 elementor-widget elementor-widget-heading\" data-id=\"208a912\" data-element_type=\"widget\" data-widget_type=\"heading.default\">\n\t\t\t\t<div class=\"elementor-widget-container\">\n\t\t\t<style>\/*! elementor - v3.20.0 - 13-03-2024 *\/\n.elementor-heading-title{padding:0;margin:0;line-height:1}.elementor-widget-heading .elementor-heading-title[class*=elementor-size-]>a{color:inherit;font-size:inherit;line-height:inherit}.elementor-widget-heading .elementor-heading-title.elementor-size-small{font-size:15px}.elementor-widget-heading .elementor-heading-title.elementor-size-medium{font-size:19px}.elementor-widget-heading .elementor-heading-title.elementor-size-large{font-size:29px}.elementor-widget-heading .elementor-heading-title.elementor-size-xl{font-size:39px}.elementor-widget-heading .elementor-heading-title.elementor-size-xxl{font-size:59px}<\/style><h2 class=\"elementor-heading-title elementor-size-default\">Wo kann man unseren Wein kaufen?<\/h2>\t\t<\/div>\n\t\t\t\t<\/div>\n\t\t\t\t<div class=\"elementor-element elementor-element-9705b1c elementor-widget__width-initial elementor-widget-tablet__width-inherit elementor-widget elementor-widget-text-editor\" data-id=\"9705b1c\" data-element_type=\"widget\" data-widget_type=\"text-editor.default\">\n\t\t\t\t<div class=\"elementor-widget-container\">\n\t\t\t<style>\/*! elementor - v3.20.0 - 13-03-2024 *\/\n.elementor-widget-text-editor.elementor-drop-cap-view-stacked .elementor-drop-cap{background-color:#69727d;color:#fff}.elementor-widget-text-editor.elementor-drop-cap-view-framed .elementor-drop-cap{color:#69727d;border:3px solid;background-color:transparent}.elementor-widget-text-editor:not(.elementor-drop-cap-view-default) .elementor-drop-cap{margin-top:8px}.elementor-widget-text-editor:not(.elementor-drop-cap-view-default) .elementor-drop-cap-letter{width:1em;height:1em}.elementor-widget-text-editor .elementor-drop-cap{float:left;text-align:center;line-height:1;font-size:50px}.elementor-widget-text-editor .elementor-drop-cap-letter{display:inline-block}<\/style>\t\t\t\t<p>Verw\u00f6hnen Sie Ihren Gaumen mit den besten Weinen des Weinguts Tomica. Mindestbestellung: 6 Flaschen.<br \/>Finden Sie uns an folgenden Standorten:<\/p>\t\t\t\t\t\t<\/div>\n\t\t\t\t<\/div>\n\t\t<div class=\"elementor-element elementor-element-f1b4887 e-con-full e-flex e-con e-child\" data-id=\"f1b4887\" data-element_type=\"container\">\n\t\t<div class=\"elementor-element elementor-element-d3f9f90 e-con-full e-flex e-con e-child\" data-id=\"d3f9f90\" data-element_type=\"container\">\n\t\t\t\t<div class=\"elementor-element elementor-element-608a20b elementor-view-framed elementor-position-left elementor-widget__width-initial elementor-shape-circle elementor-mobile-position-top elementor-vertical-align-top elementor-widget elementor-widget-icon-box\" data-id=\"608a20b\" data-element_type=\"widget\" data-widget_type=\"icon-box.default\">\n\t\t\t\t<div class=\"elementor-widget-container\">\n\t\t\t<link rel=\"stylesheet\" href=\"https:\/\/vina-tomica.com\/wp-content\/plugins\/elementor\/assets\/css\/widget-icon-box.min.css\">\t\t<div class=\"elementor-icon-box-wrapper\">\n\t\t\t\t\t\t<div class=\"elementor-icon-box-icon\">\n\t\t\t\t<span  class=\"elementor-icon elementor-animation-\">\n\t\t\t\t<svg xmlns=\"http:\/\/www.w3.org\/2000\/svg\" xmlns:xlink=\"http:\/\/www.w3.org\/1999\/xlink\" id=\"Layer_1\" x=\"0px\" y=\"0px\" width=\"500px\" height=\"500px\" viewbox=\"0 0 500 500\" style=\"enable-background:new 0 0 500 500;\" xml:space=\"preserve\"> <g> <path d=\"M118.7,134.8c18.8,0,37.6,0,56.4,0c8,0,10.5,1.8,12.5,9.5c7,26.6,15.2,52.8,20.7,79.7c1.3,6.2,0.9,12.5,0.7,18.7 c-0.1,4,1.3,6.5,4.9,8.1c2,0.9,4.2,1.7,5.9,3.1c8.1,7.1,15,5.5,22.4-1.7c5.6-5.4,12.4-9.7,18.8-14.3c3.3-2.3,4.8-5,4.7-9.1 c-0.1-23.2-0.2-46.5,0-69.7c0.1-5.5-2-7-7.1-6.7c-6.5,0.3-12.9,0-19.4,0.1c-4.5,0-8-1.5-9.5-6c-1.6-4.7,0.4-8.2,4.2-11 c30.5-22.3,61.1-44.5,91.6-66.9c5.2-3.8,9.8-3.6,14.9,0.1C370.5,91,400.7,113,431,135.1c3.8,2.8,6.8,6,5.1,11.2 c-1.7,5.4-6,6.5-11.1,6.4c-6.5-0.1-12.9,0.2-19.4-0.1c-4.4-0.2-6.3,1.2-6.1,5.8c0.3,6.5-0.1,12.9,0.1,19.4 c0.2,5.9-2.5,9.4-8.1,11.3c-51.1,16.9-96.2,44.8-138.6,77.3c-5.6,4.3-5.6,4.3,0,8.2c0.7,0.5,1.3,0.9,2,1.4 c12,8.4,11.9,8.3,23.7-0.9c31.3-24.6,64.8-45.6,101.1-61.8c2.8-1.2,5.6-2.5,8.5-3.3c4.8-1.4,8.4,0.6,10.4,5 c1.9,4.2,0.7,8.1-3.1,10.6c-2.3,1.6-5.1,2.5-7.6,3.6c-36.8,16.4-70.5,37.7-101.9,62.8c-3.7,2.9-4.5,5.1-0.2,8.3 c3.9,2.9,7.4,6.3,10.7,9.8c3.4,3.7,6,3.2,9.6,0.2c27.7-22.8,57.2-43,88.6-60.3c28.8-15.8,58.7-29,89.9-39.2 c7.1-2.3,12.3-0.4,14,5.1c1.5,5.1-1.5,9.7-8.4,11.9c-91.1,30-167.1,82.9-232.5,152c-14.4,15.3-28,31.3-40.2,48.5 c-2,2.9-4.3,5.4-8.1,5.7c-3.5,0.3-6.3-1-8.2-4.1c-2.1-3.5-1.6-7,0.6-10.3c6.9-10.2,14.7-19.8,22.7-29.2 c18.3-21.7,38-41.9,59.2-60.8c3.1-2.8,2.9-4.5,0-7.2c-22.5-21.2-47.4-39-74.4-54c-3.3-1.8-4.8-1.3-6.2,2.3 c-13,32.5-36.8,51.8-71.3,57.8c-3.6,0.6-5.2,2.2-5.2,6c0.1,22.6,0.1,45.3,0,67.9c0,4.4,1.9,5.6,5.9,5.5c5.5-0.2,10.9-0.2,16.4,0 c6.7,0.2,10.7,3.8,10.6,9.2c-0.1,5.2-3.6,8.8-10.2,8.9c-21,0.2-42,0.2-63.1,0c-6.9-0.1-10.7-4.1-10.5-9.3c0.2-5.3,4.3-8.6,11.1-8.8 c5.5-0.1,10.9-0.3,16.4,0c4.6,0.2,5.9-1.7,5.9-6.1c-0.2-22-0.2-44.1,0-66.1c0-4.3-1.2-5.9-5.6-6.6c-33.5-5.3-57.3-23.8-71.3-54.7 c-5.9-13.1-8.5-27-7.8-41.3c0.3-5.5-1.7-7.5-6.9-6.7c-2,0.3-4,0.6-6,0.6c-5.2,0.2-9.4-3-10.1-7.7c-0.7-4.7,2.3-9.1,7.6-10 c4.6-0.8,9.2-0.7,13.9-0.9c4.1-0.2,6.4-2,7.7-6.2c6.2-19.2,12.7-38.4,19.1-57.5c3-8.8,4.8-10.1,14.1-10.1 C81.9,134.8,100.3,134.8,118.7,134.8z M118.3,152.6c-15.6,0-31.1,0.1-46.7-0.1c-4.4-0.1-6.5,1.6-7.8,5.7 c-6,18.6-12.3,37.2-18.5,55.8c-2.4,7.1-3.1,14.6-3.6,22c-0.2,2.9,0.6,5,3.6,6.1c10.5,3.9,21.4,5.7,32.6,4.9 c17.4-1.2,32.9-7.7,47.7-16.3c17.2-9.9,34.7-19.1,53.4-25.7c4.4-1.5,5.5-3.6,4.2-8.1c-3.6-12.6-7-25.3-10.1-38 c-1.2-4.7-3.2-6.6-8.3-6.5C149.4,152.8,133.9,152.6,118.3,152.6z M266.5,134c1.8,0.5,2.3,0.7,2.9,0.8c13,0.7,14.7,2.6,14.7,15.7 c0,21.8,0,43.6,0,65.4c0,1.6-0.7,3.6,0.7,4.6c1.6,1.1,2.9-0.8,4.2-1.6c27.9-17.6,57-32.8,88.2-43.9c3.4-1.2,4.7-3,4.7-6.6 c-0.2-7.9-0.2-15.8,0-23.6c0.2-6.5,3.3-9.5,9.8-9.9c2.2-0.1,4.5,0,6.8,0c-16.8-13.6-33.8-26-50.8-38.3c-4.7-3.4-9-9.1-14.4-9.5 c-5.9-0.4-10.1,5.9-15,9.3C301.2,108.6,284.3,121,266.5,134z M115.4,312.1c5,0.2,9.8-0.6,14.6-1.3c38.6-6,66.4-43.5,60.7-81.8 c-1.3-8.8-1.3-8.7-9.5-5.6c-19.4,7.3-37,18.1-55.2,27.6c-23,12.1-47,18-73.1,12.1c-1.7-0.4-3.7-2-5.1-0.5c-1.7,1.8,0.2,3.8,1,5.5 C62,296.3,84.3,310.9,115.4,312.1z\"><\/path> <path d=\"M492.8,276.7c-0.2,4.6-3.1,7.3-7.3,9c-8.6,3.6-17.2,7-25.6,10.9c-61.2,28.6-112.7,69.4-153.6,123.2 c-4.2,5.5-9,6.9-13.4,3.9c-4.9-3.3-5.4-8.2-1.1-14.2c20.4-28.5,45.2-52.8,72.4-74.6c34.2-27.4,71.6-49.1,112.5-64.9 c2.4-0.9,4.9-2,7.6-2C488.8,268.1,492.6,271.8,492.8,276.7z\"><\/path> <path d=\"M482.2,342.4c0.2,5.8-3.8,8-8.4,9.7c-18,7-34.6,16.6-50,28.1c-15.1,11.3-28.7,24.2-40.2,39.3c-0.2,0.3-0.5,0.6-0.8,1 c-4.5,5.5-9.8,6.8-14,3.4c-4.4-3.5-4.6-8.5,0-14.4c4.7-6.1,9.5-12.1,14.8-17.6c23.3-24.2,50.4-42.9,81.5-55.5c2.4-1,4.9-2,7.5-2.3 C478.1,333.2,482.1,337,482.2,342.4z\"><\/path> <\/g> <\/svg>\t\t\t\t<\/span>\n\t\t\t<\/div>\n\t\t\t\t\t\t<div class=\"elementor-icon-box-content\">\n\t\t\t\t<h3 class=\"elementor-icon-box-title\">\n\t\t\t\t\t<span  >\n\t\t\t\t\t\tTomica Weinkellerei - Weinberg \u010cepelovec\t\t\t\t\t<\/span>\n\t\t\t\t<\/h3>\n\t\t\t\t\t\t\t\t\t<p class=\"elementor-icon-box-description\">\n\t\t\t\t\t\tBesuchen Sie unseren Weinberg im sch\u00f6nen \u010cepelovec, wo unsere Weingeschichte beginnt. Hier k\u00f6nnen Sie in jeder Flasche den Geist der Tradition und die Liebe zum Wein sp\u00fcren. Kommen Sie und entdecken Sie unser einzigartiges Angebot an Premiumweinen im Herzen Kroatiens.\t\t\t\t\t<\/p>\n\t\t\t\t\t\t\t<\/div>\n\t\t<\/div>\n\t\t\t\t<\/div>\n\t\t\t\t<\/div>\n\t\t\t\t<div class=\"elementor-element elementor-element-dce3ade elementor-widget elementor-widget-google_maps\" data-id=\"dce3ade\" data-element_type=\"widget\" data-widget_type=\"google_maps.default\">\n\t\t\t\t<div class=\"elementor-widget-container\">\n\t\t\t<style>\/*! elementor - v3.20.0 - 13-03-2024 *\/\n.elementor-widget-google_maps .elementor-widget-container{overflow:hidden}.elementor-widget-google_maps .elementor-custom-embed{line-height:0}.elementor-widget-google_maps iframe{height:300px}<\/style>\t\t<div class=\"elementor-custom-embed\">\n\t\t\t<iframe loading=\"lazy\"\n\t\t\t\t\tsrc=\"https:\/\/maps.google.com\/maps?q=%C4%8Depelovac&#038;t=m&#038;z=10&#038;output=embed&#038;iwloc=near\"\n\t\t\t\t\ttitle=\"\u010depelovac\"\n\t\t\t\t\taria-label=\"\u010depelovac\"\n\t\t\t><\/iframe>\n\t\t<\/div>\n\t\t\t\t<\/div>\n\t\t\t\t<\/div>\n\t\t\t\t<\/div>\n\t\t<div class=\"elementor-element elementor-element-c18518f e-con-full e-flex e-con e-child\" data-id=\"c18518f\" data-element_type=\"container\">\n\t\t\t\t<div class=\"elementor-element elementor-element-0934bda elementor-view-framed elementor-position-left elementor-widget__width-initial elementor-shape-circle elementor-mobile-position-top elementor-vertical-align-top elementor-widget elementor-widget-icon-box\" data-id=\"0934bda\" data-element_type=\"widget\" data-widget_type=\"icon-box.default\">\n\t\t\t\t<div class=\"elementor-widget-container\">\n\t\t\t\t\t<div class=\"elementor-icon-box-wrapper\">\n\t\t\t\t\t\t<div class=\"elementor-icon-box-icon\">\n\t\t\t\t<span  class=\"elementor-icon elementor-animation-\">\n\t\t\t\t<svg xmlns=\"http:\/\/www.w3.org\/2000\/svg\" xmlns:xlink=\"http:\/\/www.w3.org\/1999\/xlink\" id=\"Layer_1\" x=\"0px\" y=\"0px\" width=\"500px\" height=\"500px\" viewbox=\"0 0 500 500\" style=\"enable-background:new 0 0 500 500;\" xml:space=\"preserve\"> <path d=\"M429.5,273.4c0.7,0.5,0.6,0.9,0.9,1.4c0.1,0.2,0.2,0.3,0.3,0.4c0.5,0.7,0.8,1.4,0.2,2.2c-0.5,0.7,0.2,0.7,0.7,0.8 c1.4,0.2,2,0.5,1,2c-1,1.5-0.7,3.4-0.2,5c0.2,0.9,1.9,1.1,2.9,0.9c0.8-0.1,1.7-0.7,1.1-1.9c-0.4-0.8,0.1-1.1,0.8-1.1 c0.6,0,1.1,0,1.7,0c1.6,0,2.9-1.2,3.1-2.7c0-0.3,0.1-0.6,0.2-1c0.8,0.4,0.6,1.1,0.6,1.6c0.1,1.4,0.7,1.7,2.1,1.3 c1.1-0.4,2.2-0.6,3.1-1.6c0.4-0.4,0.8-0.2,1.2,0.1c0.4,0.4,0.9,0.7,1.5,1c2.4,1.1,3,0.8,3.9-1.7c0.1-0.3,0.2-0.5,0.5-0.9 c0.7,0.9,0.4,1.8,0.5,2.5c0,0.8,0.7,1.5,1.5,1.4c0.6,0,1.2-0.1,1.7,0c0.8,0.2,2.8-0.7,1.7,1.4c-0.1,0.3-0.1,0.7,0.1,0.9 c1.2,1.6,2.6,0.2,3.8,0.2c1,0,0.9-0.9,0.9-1.6c-0.1-1.5,0.4-3.1-1-4.3c-0.6-0.5-0.3-1.3,0.4-1.3c1.4-0.1,1.5-0.7,1.2-1.9 c-0.1-0.7,0.5-1.4,1.1-1.9c0.5-0.5,1-1.1,1.7-1.3c4.5-1.5,4-5.3,4.2-8.8c0-1.1-0.6-1.5-1.5-1.4c-0.9,0-1.8,0-2.7,0.1 c-1.3,0.1-1.9-0.3-1.8-1.7c0-1.3-0.1-2.6,1.7-2.7c1,0,2,0.2,3,0.3c0.9,0.1,1.8,0.2,2-1.2c0.2,0.1,0.3,0.1,0.5,0.2 c0,2.3,0.2,4.5,0,6.8c-0.2,2.1,0.6,4,1,6c0.2,0.9,1,1.3,1.9,1.7c1,0.5,2,1,2.9,1.7c0.5,0.3,0.9,0.8,1.1,1.4c0.4,1.2-0.2,3,2,3.1 c0.3,0,0.3,0.7,0,1.1c-1.3,1.5-0.6,3.3-0.7,4.9c0,0.2,0.2,0.7,0.4,0.7c1.6,0.3,1.9,1.5,2.3,2.9c0.4,1.5,1.8,1.2,3,1.1 c1.1-0.1,1.2-0.9,1.2-1.8c0-0.2,0-0.5,0.1-0.7c0.3-0.6,0.7-1.5,1.4-1.4c1,0.1,0.3,1.1,0.5,1.6c0.4,0.7-1,1.9,0.4,2.2 c1.1,0.2,1.1-1,1.5-1.7c0.3-0.5,0.6-1,1.2-0.8c0.7,0.2,0.5,0.8,0.4,1.3c-0.1,1.5,0.3,3.1,1,4.4c0.5,0.9,0.7,1.5,0,2.1 c-0.7,0.6-0.8,1.4-0.8,2.2c0,4,0,8,0,12c0,0.2,0.1,0.5,0.1,0.6c1.9,5.3-0.2,10.7,0.3,16.1c0.2,1.7,0.2,3.2,2.5,3.3 c1,0,1.3,0.9,1.3,1.8c0,1.4,0,2.8,0,4.2c0.1,1.6-0.7,2-2.1,2c-7.3,0-14.6,0-21.9,0c-27.4,0-54.8,0-82.2,0c-91.4,0-182.9,0-274.3,0 c-37.8,0-75.6,0-113.3,0c-0.6,0-1.2,0-1.8,0c-2,0-2.4-0.4-2.3-2.4c0.1-1.5,0.4-2.9,0.1-4.4c-0.2-0.8,0.4-1.2,1.1-1.3 c2-0.4,3.9-0.8,5.9-1.2c1.9-0.4,3.2-1.8,3.1-3.6c-0.1-1.6,0.4-2.7,1.4-3.9c1.5-1.8,2-4.2,2.1-6.6c0.1-1.6,0-3.3,0.1-5 c0.1-1.7,0.1-3.3-1.9-4c-0.4-0.2-0.6-0.5-0.5-1c0.1-0.6,0.5-0.8,1-0.8c1.1,0,1.9-0.5,2.6-1.3c0.9-1,2.1-1,3.3-0.9 c1.1,0,1.2-0.2,0.8-1.3c-0.7-2.4-0.9-4.9,0.9-7c1-1.3,1.1-2,0.2-3.6c-0.3,1.7-1.5,2.8-1.9,4.3c-0.2,0.6-0.3,1.6-1.2,1.4 c-0.8-0.2-1.2-1.2-1-1.9c0.6-2,0.7-4.2,1.1-6.2c0.4-1.9,2.6-2.9,4.3-2.5c3.2,0.8,4.8-0.4,4.4-3.6c-0.2-1.4,0.3-1.8,1.3-2.2 c0.9-0.4,1.5-0.9,1.1-2c-0.2-0.5,0.1-1.1,0.5-1.4c0.5-0.4,0.6-1,0.3-1.6c-0.2-0.3-0.6-0.7,0-1c0.3-0.2,0.6,0.2,0.9,0.4 c0.1,0.1,0.2,0.2,0.2,0.3c0.9,1.5,2,1,3.6,0.9c3.1-0.3,5.9-1.4,9-1.6c-2.4,1.3-4.7,2.7-7.3,3c-1.9,0.2-3,1.6-3.4,2.9 c-0.3,1,0.4,2.7,1.3,3.7c0.5,0.6,1,0.2,1.4-0.3c2.1-2.3,4.8-3.1,7.5-1.8c0.7,0.3,1.9-0.9,2,0.6c0.1,1.4,0.4,2.9-0.6,4.3 c-0.9,1.2-1.3,2.9-3.3,3c-0.8,0-1.3,2.8-0.7,3.5c0.8,1.1,1.7,2.1,2.5,3.2c1,1.3,0.7,3.4-0.7,4.3c-0.3,0.2-0.6,0.3-1,0 c-0.5-0.4-0.6-1-0.5-1.6c0.5-2.2,0.3-2.6-2-3.4c-0.3,3-0.1,5.8,2.2,8c0.8,0.8,1.6,1.3,2.8,1.3c0.6,0,1.1,0.2,1.2,0.9 c0.1,0.6-0.3,0.9-0.7,1.1c-1.6,0.6-1.9,1.9-1.7,3.4c0.1,1.6,0,3.3,0.1,4.9c0.1,3.1,0.8,6,3.1,8.4c0.7,0.7,0.5,1.7,0.5,2.5 c0.1,2.2,1.2,3.5,3.5,3.8c1,0.1,2,0.3,2.9,0.6c3,0.8,4.5-0.4,4.5-3.5c0-1.8,0-3.5,0-5.3c0-1.2,0.3-2,1.6-2c0.9,0,1.2-0.6,1.2-1.4 c0-6.1,0-12.1,0-18.2c0-0.3,0-0.8-0.2-1c-1.4-1.5-0.5-2.7,0.5-3.8c0.1-0.1,0.3-0.2,0.4-0.4c1.6-3.9,4.7-4.4,8.6-4.3 c9.7,0.2,19.5,0.1,29.2,0.1c2.2,0,2.4-0.2,2.2-2.3c-0.2-1.6,0.9-2.8,1.1-4.3c0.1-1,1.1-1.7,0.8-3.1c-0.2-1,2.4-1.8,3.7-1.4 c0.8,0.3,1.5,1.7,2.4,0.8c0.6-0.6,0.2-1.8,0.2-2.7c0-0.8,0.1-1.5,0.1-2.3c0-0.1,0-0.3,0-0.3c2.3-0.7,1.9-3,2.7-4.6 c1.1-2.2,3.2-3.7,4-6c0.6-1.7,0.8-2.5,2.9-1.5c1.5,0.7,3.5-1.5,4.3-3c1-1.9,0.9-3.7,0.9-5.6c0-0.2,0-0.6,0.1-0.7 c1.8-1.2,2.1-3.3,2.6-5.3c0.2,0,0.4,0.1,0.5,0.1c0.1,0.7,0.3,1.3,0.4,2c0.1,0.7,0.2,1.6,0.7,1.9c2.2,1,1.5,2.8,1.3,4.4 c-0.3,2.9,1.8,5.9,4.7,6.3c0.8,0.1,1.3-0.2,1.9-0.7c0.6-0.5,1.2-0.3,1.1,0.6c-0.2,1.3,0.6,2.2,1.3,3.1c2,2.4,3.6,4.9,4.2,8 c0,0.2,0.1,0.5,0.3,0.6c1.3,1,1.6,1.6,1.3,3.2c-0.1,0.5-0.1,1,0,1.4c0.2,1,0.4,1.8,1.7,0.9c0.4-0.3,0.8-0.5,1.3-0.6 c1.8-0.6,3.2,0.6,3.4,2.4c0.2,1.6,0.7,3.1,1.4,4.5c0.4,0.8,0.6,1.2,0.4,2c-0.2,1.2,0.6,2.2,1.8,2.2c11,0,21.9,0,32.9,0 c1.7,0,2.8,0.5,3.7,1.9c0.5,0.8,1.1,1.5,1.7,2.3c1,1.4,2.5,2.7,0.6,4.6c-0.3,0.3-0.2,0.9-0.2,1.4c0,5.7,0,11.3,0,17 c0,1.2,0.1,2.1,1.7,2.1c1.1,0,1.2,0.8,1.2,1.6c0,2,0,4,0,6c0,2.1,1.6,3.7,3.7,3.7c3.3,0,3.3,0,3.4-3.4c0-0.2,0-0.4,0-0.5 c0-10.6,0.9-21.1,1.1-31.7c0-1.6,0-3.6,0.8-4.6c2.3-3.1,0.4-6.8,2-9.9c0.3-0.5,0.1-1.3,0.7-1.5c0.7-0.2,0.6,0.9,1.3,1 c0-1.3,0-2.6,0-3.9c0-1.2,0-2.3,1-3.2c0.8-0.7,0.6-1.5-0.2-2.1c-1.4-1.1-1.8-2.5-1.4-4.1c0.8-2.9,0.4-5.9,1-8.8 c0.1-0.5,0-1.3,0.6-1.3c0.8-0.1,0.7,0.8,0.8,1.3c0.2,1.3,0.5,2.6,0.7,3.9c0-1.9,0-3.9,0-5.8c0-5.2,0-10.4,0-15.6c0-0.5-0.2-1,0-1.4 c0.7-1.6-2.4-2.6-0.5-4.6c1.2-1.2,0.4-3.3,0.4-5c0-1.4,0.7-2.6,1.1-3.9c0.3-1,0.7-2,0.7-3.1c0-0.5-0.2-1.5,1-0.9 c0.5,0.3,0.4-0.4,0.5-0.7c0.4-1.8,0.7-3.6,1.1-5.3c0.1-0.6,0.3-1.3,0.8-1.5c0.8-0.3,0.6,0.9,1.2,1c0.2-1.1-0.3-2.4,1.1-3.3 c0.5-0.3,0.5-1.5,0.7-2.3c0.1-0.9,0-1.7,1.1-2.4c0.8-0.6,0.8-2.4,1-3.8c0.9-5.5,1.7-11,2.6-16.5c0.1-0.8,0.5-1.5,1.3-2 c0.6-0.4,1-1.2,0.5-1.6c-1.8-1.4-0.8-3-0.4-4.5c0.3-1,0.5-1.9-0.3-2.8c-0.7-0.7-0.3-1.4,0.2-2c0.9-1.1,1.8-2.2,1.8-3.7 c0-0.8,0.2-1.6-0.9-2.1c-0.6-0.3-0.6-0.8-0.1-1.2c0.2-0.2,0.5-0.3,0.7-0.5c0.4-0.5,0.2-2,1.3-1.4c0.9,0.4,1.3,1.6,1.9,2.5 c0.1,0.1,0,0.3-0.1,0.5c-1.5,2.4-1.5,3.2,0.4,5.5c0.9,1.1,1.7,2,0.2,3.1c-0.5,0.4-0.1,0.8,0,1.3c0.2,1.8,1.4,3.6-0.2,5.3 c-0.4,0.4-0.2,1.1,0.3,1.4c1.4,0.8,1.3,2.2,1.5,3.4c0.8,4.8,1.5,9.6,2.4,14.4c0.2,1.3,0.6,2.6,0.7,3.9c0,0,0,0.1,0,0.1 c1.9,1.5,1.8,3.6,2.1,5.7c0.1,0.6,0.8,1.6,1.1,2.5c1.7-0.8,1.7-0.8,2,1c0.3,1.6,0.6,3.1,1,4.6c0.1,0.6-0.2,1.8,1.3,1 c0.5-0.3,0.7,0.5,0.7,0.9c0,3.7,1.4,7.2,1.4,11c0,1.9,0.4,3.6,0,5.6c-0.7,3.7-0.2,7.6-0.2,11.5c0,1.2,0.6,2.4,1.3,3.6 c1.5-1,2-2.9,3.4-3.9c1-0.7,1.8-1.6,1.7-3c0-0.3,0.2-0.7-0.1-1c-0.6-0.5-0.8-0.8,0-1.5c0.9-0.7,1.5-0.6,2.4,0c0.9,0.6,0,1,0,1.5 c0,1.1-0.7,2.4,0.9,3.3c1.8,1,2.8,3,4.1,4.9c0.7-1.8,1.4-3.2,1.4-5c-0.1-3.1,0-6.1,0-9.2c0-1.3,0-2.5-1-3.4c-0.5-0.5-0.6-1,0.1-1.5 c0.9-0.6,0.9-1.6,0.9-2.5c0-2.4-0.2-4.8,0.9-7.1l2-3.8c0.5-2,0.9-3.8,1.3-5.7c0.1-0.6-0.1-1.5,0.6-1.7c0.8-0.3,0.7,1,1.4,1 c0.1-2.5,1.9-4.6,1.7-7.1c3.3-3.4,2-8.1,3.2-12.1c1-3,1.4-6.1,1.6-9.3c0.1-1,0.6-1.6,1.3-2.1c0.8-0.6,0.9-1.3,0-1.8 c-1-0.6-0.7-1.3-0.6-2.3c0.3-1.6,1.3-3.4-0.2-5c-0.4-0.4,0-0.9,0.3-1.3c0.6-0.9,1.2-1.9,1.8-2.8c0.5-0.8,0.4-1.7,0.3-2.6 c0-0.9-1.9-0.4-1.3-1.6c0.3-0.7,1.5-0.7,1.5-1.8c0-0.2,0.2-0.5,0.3-0.5c0.4-0.2,0.9,0,0.8,0.4c-0.3,1.3,2.7,1.6,1.2,2.6 c-1.7,1.2-1.1,2.2-0.6,3.4c0.2,0.6,0.7,1.2,1.1,1.8c0.7,1.1,1.9,2,0.4,3.6c-0.7,0.8,0,2.3,0.3,3.4c0.3,1,0.6,1.9-0.3,2.7 c-0.4,0.4-0.5,1.1-0.1,1.5c1.9,2.1,1.7,4.9,2.2,7.4c0.8,3.9,1.3,7.9,2,11.8c0.3,1.6-0.2,3.5,1.9,4.3c0.1,0,0.1,0.2,0.1,0.3 c-0.2,2.5,1.4,4.6,1.6,7c0.4,0,0.6-0.4,0.8-0.7c0.6-0.8,0.9-0.4,1.1,0.3c0.4,1.8,0.7,3.7,1.1,5.5c0.1,0.6-0.1,1.7,1.3,1.1 c0.6-0.3,0.7,0.5,0.7,1c0.2,3.6,1.8,7.1,1.2,10.8c1.5,1.9,0.2,3.7,0.1,5.7c-0.4,7.5-0.2,15.1-0.1,22.6c0,0.3,0.1,0.5,0.4,0.8 c0.8-1.8-0.1-4,1.3-6c1.4,3.2,1.1,6.3,1.4,9.4c0.2,2,0.5,4.1-1.6,5.4c-0.4,0.3-0.5,0.7-0.1,1.1c1.9,1.5,1.7,3.6,1.7,5.7 c0,0.6-0.2,1.2,0.9,1.1c0.5-0.1,0.7,0.9,0.9,1.6c0.6,2.3,0.4,4.6,0.4,6.9c0,0.8,0,1.5,1,1.8c0.7,0.2,0.7,0.9,0.7,1.5 c0.7,5.2,1.2,10.5,1,15.8c-0.2,7.5,0.8,14.9,0.4,22.4c-0.1,1.6,0.8,1.7,2,1.7c1.2,0,2.2-0.1,2.2-1.8c-0.1-3.4,0.1-6.8-0.1-10.3 c-0.1-2.7,0.6-5,1.9-7.2c1.3-2.2,2-4.5,1.7-7.1c-0.1-1-0.1-2.1,0-3.1c0.1-1-0.3-2.3,1.3-2.5c0.4-0.1,0.4-0.7,0.6-1 c2-5.1,4.1-10.1,6.1-15.2c0.3-0.8,0.4-1.6,0.5-2.4c0.1-0.4,0-0.9,0.5-1c0.5,0,0.7,0.4,0.8,0.8c0.4,1.9,1.7,1.9,3.2,1.9 c13.1,0,26.3,0,39.4,0c2.3,0,2.5-0.1,2.4-2.4c-0.1-3.2,0.1-6.5-0.1-9.7c-0.1-1.1,1-2.6,2.2-3.4c0.6-0.4,0.8-0.5,0.5-1.3 c-1.1-2.3-0.7-3.2,1.7-4.2c1.4-0.6,2.1-2,1.8-3.7c-0.4-2.3-0.2-4.4,0.5-7c0.4-1.4,1.1-2.6,1.8-3.9c0.5-1-0.2-2.2-0.2-3.3 c-0.1-1.9,1.2-3.4,1-5.2c0.7,2.4,1.8,4.6,1.2,7.2c-0.3,1.1,0.2,2,1,2.7c0.9,0.8,1.1,1.7,0.9,2.9c-0.2,1.4,1.1,2.6,0.5,4.2 c-0.3,0.7-0.2,1.6-0.2,2.4c-0.1,1.8,0.3,3.2,2.3,3.9c2,0.7,2.4,2,1.2,3.9c-0.4,0.7-0.6,1,0.3,1.4c1.3,0.6,2.4,3.2,2.1,4.6 c-0.1,0.9-0.2,1.8-0.2,2.6c0,4.2,0,8.5,0,12.7c0,0.6-0.2,1.3,0.3,1.8c0.1,0,0.2,0,0.2-0.1c2-2.2,2-2.2,3.8,0.3 c1.7,2.3,3.3,4.6,5,6.8c0.3,0.4,0.6,1,1.3,0.5c1.8-1.3,1.7,0.5,1.8,1.3c0.1,1-0.2,2,0.7,2.9c0.7,0.7-0.8,1-0.6,1.8 c0.2,0.2,0.4,0.2,0.6,0c0.4-0.3,0.5-1.3,1.2-1.1c0.7,0.2,0.6,1.1,0.8,1.7c0.9,3.9,0.9,7.9-0.2,12.3c-1,4.2-0.6,8.5,0.7,12.6 c0.5,1.5-0.6,3.6,1.7,3.5c1.8,0,2.5-0.5,2.5-2.2c0-3.1,0-6.2,0-9.4c0-0.2,0.1-0.4,0-0.5c-1.2-1.3-0.3-2.6,0-4 c1.1-5.5,0.3-11.1,0.5-16.7c0,0,0,0,0-0.1c-2-2.4,0-4.5,0.6-6.7c0.1-0.4,0-0.8-0.2-1.2c-0.2-0.5-0.3-0.9,0.3-1.2 c0.5-0.3,0.9,0,1.2,0.4c0.1,0.1,0.2,0.3,0.3,0.4c0.4,0.5,0,1.9,1.2,1.6c1.2-0.3,0.5-1.4,0.6-2.1c0.1-0.5-0.4-1.3,0.3-1.6 c0.8-0.3,1,0.6,1.4,1c0.3,0.2,0.3,0.8,0.3,1.2c0,1.2,0.5,1.7,1.7,1.7c1.2,0,2.5,0.2,2.7-1.5c0.1-1.4,0.4-2.4,2.1-2.4 c0.4,0,0.7-0.3,0.7-0.7c-0.1-1.6,0.7-3.4-0.7-4.9c-0.9-1-0.6-1.5,0.6-1.8c0.5-0.1,1.3,0,0.9-0.8c-0.6-1.4,0.3-2.2,1.2-3 c0.6-0.5,1.2-1,1.8-1.4c1-0.6,2.4-0.6,2.8-1.9c0.7-2.3,1.2-4.7,0.9-7.1c-0.1-0.9-0.8-1-1.4-1c-0.9,0-1.9,0-2.8,0.1 c-1.2,0.1-1.7-0.4-1.7-1.6c0-1.2-0.2-2.5,1.5-2.7c1-0.2,2,0.2,3,0.3c0.9,0.1,1.9,0.4,2.6-0.9v6c0,2.5-0.2,6.2,1.8,8.2 c0,0,1.1,0.2,1.9,0.6C427.9,272.9,429.5,273.4,429.5,273.4z M33.9,300.5C33.9,300.5,33.9,300.5,33.9,300.5c0.6,0,1.2,0,1.8,0 c2,0,2.4-0.7,1.8-2.5c-0.3-0.9-0.6-1.9-1-2.8c-0.5-1-0.2-3.1-2.4-2.1c-0.1,0.1-0.4-0.2-0.6-0.3c-1.4-0.7-2.8-0.4-4.1,0.1 c-2,0.7-2.3,2.2-1.1,3.9c0.5,0.7,1.1,1.4,1.4,2.2c0.4,1.2,1.2,1.5,2.3,1.4C32.6,300.5,33.3,300.5,33.9,300.5z M24.8,293.2 c-3.5,1.2-4.2,3.9-2,6.7c0.5,0.7,3.9,0.8,4.5,0.1c0.5-0.7,0.5-1.5-0.2-2c-0.4-0.4-1-0.7-1.5-0.8c-1.8-0.4-2-1.4-1.1-2.8 C24.7,294.1,25,293.8,24.8,293.2z\"><\/path> <path d=\"M497.1,346.3H1v-6.8h496.1c1,0,1.9,0.8,1.9,1.9v3.1C499,345.5,498.2,346.3,497.1,346.3z\"><\/path> <\/svg>\t\t\t\t<\/span>\n\t\t\t<\/div>\n\t\t\t\t\t\t<div class=\"elementor-icon-box-content\">\n\t\t\t\t<h3 class=\"elementor-icon-box-title\">\n\t\t\t\t\t<span  >\n\t\t\t\t\t\tZagreb - Lieferung nach Vereinbarung\t\t\t\t\t<\/span>\n\t\t\t\t<\/h3>\n\t\t\t\t\t\t\t\t\t<p class=\"elementor-icon-box-description\">\n\t\t\t\t\t\tUnsere Weine sind auch in Zagreb nach vorheriger Vereinbarung erh\u00e4ltlich. Kontaktieren Sie uns und vereinbaren Sie einen Besuch, um unsere erstklassigen Weine zu probieren.\t\t\t\t\t<\/p>\n\t\t\t\t\t\t\t<\/div>\n\t\t<\/div>\n\t\t\t\t<\/div>\n\t\t\t\t<\/div>\n\t\t\t\t<div class=\"elementor-element elementor-element-06f6b0d elementor-widget elementor-widget-google_maps\" data-id=\"06f6b0d\" data-element_type=\"widget\" data-widget_type=\"google_maps.default\">\n\t\t\t\t<div class=\"elementor-widget-container\">\n\t\t\t\t\t<div class=\"elementor-custom-embed\">\n\t\t\t<iframe loading=\"lazy\"\n\t\t\t\t\tsrc=\"https:\/\/maps.google.com\/maps?q=Zagreb&#038;t=m&#038;z=10&#038;output=embed&#038;iwloc=near\"\n\t\t\t\t\ttitle=\"Zagreb\"\n\t\t\t\t\taria-label=\"Zagreb\"\n\t\t\t><\/iframe>\n\t\t<\/div>\n\t\t\t\t<\/div>\n\t\t\t\t<\/div>\n\t\t\t\t<\/div>\n\t\t\t\t<\/div>\n\t\t\t\t<\/div>\n\t\t\t\t<\/div>\n\t\t\t\t<\/div>","protected":false},"excerpt":{"rendered":"<p>Gdje kupiti na\u0161e vino? Razveselite svoje nepce s vrhunskim vinima Vinarije Tomica. Minimalna narud\u017eba: 6 butelja.Prona\u0111ite nas na sljede\u0107im lokacijama: Vinarija Tomica &#8211; Vinograd \u010cepelovec Posjetite na\u0161 vinograd smje\u0161ten u predivnom \u010cepelovcu, gdje se na\u0161a pri\u010da o vinu po\u010dinje. Ovdje mo\u017eete osjetiti duh tradicije i ljubavi prema vinu u svakoj boci. Do\u0111ite i otkrijte na\u0161u [&hellip;]<\/p>","protected":false},"author":1,"featured_media":0,"parent":0,"menu_order":0,"comment_status":"closed","ping_status":"closed","template":"","meta":{"_acf_changed":false,"footnotes":""},"class_list":["post-941","page","type-page","status-publish","hentry"],"acf":[],"_links":{"self":[{"href":"https:\/\/vina-tomica.com\/de\/wp-json\/wp\/v2\/pages\/941","targetHints":{"allow":["GET"]}}],"collection":[{"href":"https:\/\/vina-tomica.com\/de\/wp-json\/wp\/v2\/pages"}],"about":[{"href":"https:\/\/vina-tomica.com\/de\/wp-json\/wp\/v2\/types\/page"}],"author":[{"embeddable":true,"href":"https:\/\/vina-tomica.com\/de\/wp-json\/wp\/v2\/users\/1"}],"replies":[{"embeddable":true,"href":"https:\/\/vina-tomica.com\/de\/wp-json\/wp\/v2\/comments?post=941"}],"version-history":[{"count":43,"href":"https:\/\/vina-tomica.com\/de\/wp-json\/wp\/v2\/pages\/941\/revisions"}],"predecessor-version":[{"id":1221,"href":"https:\/\/vina-tomica.com\/de\/wp-json\/wp\/v2\/pages\/941\/revisions\/1221"}],"wp:attachment":[{"href":"https:\/\/vina-tomica.com\/de\/wp-json\/wp\/v2\/media?parent=941"}],"curies":[{"name":"wp","href":"https:\/\/api.w.org\/{rel}","templated":true}]}}