{"id":581,"date":"2024-03-29T15:33:09","date_gmt":"2024-03-29T14:33:09","guid":{"rendered":"https:\/\/vina-tomica.com\/?post_type=product&#038;p=581"},"modified":"2025-11-14T08:06:54","modified_gmt":"2025-11-14T07:06:54","slug":"grasevina","status":"publish","type":"product","link":"https:\/\/vina-tomica.com\/de\/produkt\/grasevina\/","title":{"rendered":"Gra\u0161evina, 0,75 l"},"content":{"rendered":"<p>Gra\u0161evina ist eine einheimische Wei\u00dfweinrebsorte, die f\u00fcr die kontinentalen Regionen Kroatiens charakteristisch ist. Sie ist bekannt f\u00fcr ihre frischen Fruchtaromen, erfrischende S\u00e4ure und ihren reichen Geschmack. Diese Sorte erzeugt oft leichte, erfrischende Weine mit ausgepr\u00e4gten Fruchtnoten wie gr\u00fcnen \u00c4pfeln, Zitrusfr\u00fcchten und Birnen.<\/p>","protected":false},"excerpt":{"rendered":"<p>Trockener Wei\u00dfwein<br \/>\nFlasche: 0,75 L<br \/>\nAlkoholgehalt: 11\u201312,5 % vol<\/p>","protected":false},"featured_media":237,"comment_status":"open","ping_status":"closed","template":"","meta":{"_acf_changed":false},"product_cat":[17],"product_tag":[],"class_list":{"0":"post-581","1":"product","2":"type-product","3":"status-publish","4":"has-post-thumbnail","6":"product_cat-nekategorizirane","8":"first","9":"instock","10":"shipping-taxable","11":"purchasable","12":"product-type-simple"},"acf":[],"_links":{"self":[{"href":"https:\/\/vina-tomica.com\/de\/wp-json\/wp\/v2\/product\/581","targetHints":{"allow":["GET"]}}],"collection":[{"href":"https:\/\/vina-tomica.com\/de\/wp-json\/wp\/v2\/product"}],"about":[{"href":"https:\/\/vina-tomica.com\/de\/wp-json\/wp\/v2\/types\/product"}],"replies":[{"embeddable":true,"href":"https:\/\/vina-tomica.com\/de\/wp-json\/wp\/v2\/comments?post=581"}],"wp:featuredmedia":[{"embeddable":true,"href":"https:\/\/vina-tomica.com\/de\/wp-json\/wp\/v2\/media\/237"}],"wp:attachment":[{"href":"https:\/\/vina-tomica.com\/de\/wp-json\/wp\/v2\/media?parent=581"}],"wp:term":[{"taxonomy":"product_cat","embeddable":true,"href":"https:\/\/vina-tomica.com\/de\/wp-json\/wp\/v2\/product_cat?post=581"},{"taxonomy":"product_tag","embeddable":true,"href":"https:\/\/vina-tomica.com\/de\/wp-json\/wp\/v2\/product_tag?post=581"}],"curies":[{"name":"wp","href":"https:\/\/api.w.org\/{rel}","templated":true}]}}