{"id":997,"date":"2024-03-30T14:01:54","date_gmt":"2024-03-30T13:01:54","guid":{"rendered":"https:\/\/vina-tomica.com\/?post_type=product&#038;p=997"},"modified":"2025-12-01T09:25:00","modified_gmt":"2025-12-01T08:25:00","slug":"solaris-075-l","status":"publish","type":"product","link":"https:\/\/vina-tomica.com\/de\/produkt\/solaris-075-l\/","title":{"rendered":"Solaris, 0,75 l"},"content":{"rendered":"<p>Eine Neuheit auf dem Weinmarkt, biologischer Wei\u00dfwein aus der widerstandsf\u00e4higen Sorte Solaris, angebaut ohne Pestizide und Herbizide. Goldfarbener Wein mit reichen Aromen von reifen Fr\u00fcchten und Honig, frisch und harmonisch.<\/p>","protected":false},"excerpt":{"rendered":"<p>Trockener Wei\u00dfwein<br data-start=\"132\" data-end=\"135\" \/>Flasche: 0,75 L<br data-start=\"150\" data-end=\"153\" \/>Alkoholgehalt: 12 % vol.<\/p>","protected":false},"featured_media":241,"comment_status":"open","ping_status":"closed","template":"","meta":{"_acf_changed":false},"product_cat":[17],"product_tag":[],"class_list":{"0":"post-997","1":"product","2":"type-product","3":"status-publish","4":"has-post-thumbnail","6":"product_cat-nekategorizirane","8":"first","9":"instock","10":"shipping-taxable","11":"purchasable","12":"product-type-simple"},"acf":[],"_links":{"self":[{"href":"https:\/\/vina-tomica.com\/de\/wp-json\/wp\/v2\/product\/997","targetHints":{"allow":["GET"]}}],"collection":[{"href":"https:\/\/vina-tomica.com\/de\/wp-json\/wp\/v2\/product"}],"about":[{"href":"https:\/\/vina-tomica.com\/de\/wp-json\/wp\/v2\/types\/product"}],"replies":[{"embeddable":true,"href":"https:\/\/vina-tomica.com\/de\/wp-json\/wp\/v2\/comments?post=997"}],"wp:featuredmedia":[{"embeddable":true,"href":"https:\/\/vina-tomica.com\/de\/wp-json\/wp\/v2\/media\/241"}],"wp:attachment":[{"href":"https:\/\/vina-tomica.com\/de\/wp-json\/wp\/v2\/media?parent=997"}],"wp:term":[{"taxonomy":"product_cat","embeddable":true,"href":"https:\/\/vina-tomica.com\/de\/wp-json\/wp\/v2\/product_cat?post=997"},{"taxonomy":"product_tag","embeddable":true,"href":"https:\/\/vina-tomica.com\/de\/wp-json\/wp\/v2\/product_tag?post=997"}],"curies":[{"name":"wp","href":"https:\/\/api.w.org\/{rel}","templated":true}]}}